{"id":19,"date":"2024-09-03T11:39:57","date_gmt":"2024-09-03T09:39:57","guid":{"rendered":"https:\/\/wincodiligence.com\/?page_id=19"},"modified":"2025-04-11T15:38:59","modified_gmt":"2025-04-11T13:38:59","slug":"methodologie","status":"publish","type":"page","link":"https:\/\/wincodiligence.com\/en\/methodologie\/","title":{"rendered":"Methodology"},"content":{"rendered":"<p>On the basis of an initial contact, we carry out a preliminary \u201cfree of charge\u201d search to get an idea of the scope of the assignment. <\/p>\n\n\n\n<p>We then propose a fixed budget and specify the time required to complete the assignment in complete confidentiality.<\/p>\n\n\n\n<p>Once the budget has been approved, a deposit of 60% will be requested; the balance will be invoiced on submission of our report.<\/p>\n\n\n\n<h2 class=\"wp-block-heading\">Values<\/h2>\n\n\n\n<ul class=\"wp-block-list\">\n<li>Collaboration: we work in total collaboration with the customer to achieve the objective defined at the outset.<\/li>\n\n\n\n<li>Integrity: we work independently, legally and ethically. <\/li>\n\n\n\n<li>Confidentiality: we guarantee the utmost confidentiality and discretion in our work.<\/li>\n<\/ul>\n\n\n\n<h2 class=\"wp-block-heading\">Analysis methods<\/h2>\n\n\n\n<p>Regardless of the country or sector, the methods of analysis are all the same :<\/p>\n\n\n\n<ul class=\"wp-block-list\">\n<li>an analysis of information available from public sources (litigation reported in the press, various judgments, bankruptcy or composition notices, etc.) via the main search engines<\/li>\n\n\n\n<li>a close look at social networks<\/li>\n\n\n\n<li>if necessary, an approach to persons likely to hold information<\/li>\n\n\n\n<li>access to privileged offshore databases.<\/li>\n<\/ul>\n\n\n\n<p>Winco ensures compliance with RGPD rules depending on the customer's residence.<\/p>\n\n\n\n<figure class=\"wp-block-table\"><table class=\"has-fixed-layout\"><tbody><tr><td>To ensure the success of due diligence, customers are invited to share any information they may have - positive or negative - about their family or business.<\/td><\/tr><\/tbody><\/table><\/figure>\n\n\n\n<p><\/p>","protected":false},"excerpt":{"rendered":"<p>Sur la base d&rsquo;un premier contact, nous effectuons une recherche pr\u00e9liminaire \u00ab\u00a0free of charge\u00a0\u00bb afin d&rsquo;avoir une id\u00e9e de l&rsquo;ampleur de la mission. Ensuite de quoi, nous proposons un budget forfaitaire et nous pr\u00e9cisons le temps n\u00e9cessaire pour r\u00e9aliser la mission en toute confidentialit\u00e9. Une fois que le budget est approuv\u00e9, un acompte de 60% [&hellip;]<\/p>","protected":false},"author":1,"featured_media":0,"parent":0,"menu_order":0,"comment_status":"closed","ping_status":"closed","template":"","meta":{"footnotes":""},"class_list":["post-19","page","type-page","status-publish","hentry"],"yoast_head":"<!-- This site is optimized with the Yoast SEO plugin v24.7 - https:\/\/yoast.com\/wordpress\/plugins\/seo\/ -->\n<title>M\u00e9thodologie - WINCO DILIGENCE<\/title>\n<meta name=\"robots\" content=\"index, follow, max-snippet:-1, max-image-preview:large, max-video-preview:-1\" \/>\n<link rel=\"canonical\" href=\"https:\/\/wincodiligence.com\/en\/methodologie\/\" \/>\n<meta property=\"og:locale\" content=\"en_GB\" \/>\n<meta property=\"og:type\" content=\"article\" \/>\n<meta property=\"og:title\" content=\"M\u00e9thodologie - WINCO DILIGENCE\" \/>\n<meta property=\"og:description\" content=\"Sur la base d&rsquo;un premier contact, nous effectuons une recherche pr\u00e9liminaire \u00ab\u00a0free of charge\u00a0\u00bb afin d&rsquo;avoir une id\u00e9e de l&rsquo;ampleur de la mission. Ensuite de quoi, nous proposons un budget forfaitaire et nous pr\u00e9cisons le temps n\u00e9cessaire pour r\u00e9aliser la mission en toute confidentialit\u00e9. Une fois que le budget est approuv\u00e9, un acompte de 60% [&hellip;]\" \/>\n<meta property=\"og:url\" content=\"https:\/\/wincodiligence.com\/en\/methodologie\/\" \/>\n<meta property=\"og:site_name\" content=\"WINCO DILIGENCE\" \/>\n<meta property=\"article:modified_time\" content=\"2025-04-11T13:38:59+00:00\" \/>\n<meta name=\"twitter:card\" content=\"summary_large_image\" \/>\n<meta name=\"twitter:label1\" content=\"Estimated reading time\" \/>\n\t<meta name=\"twitter:data1\" content=\"2 minutes\" \/>\n<script type=\"application\/ld+json\" class=\"yoast-schema-graph\">{\"@context\":\"https:\/\/schema.org\",\"@graph\":[{\"@type\":\"WebPage\",\"@id\":\"https:\/\/wincodiligence.com\/methodologie\/\",\"url\":\"https:\/\/wincodiligence.com\/methodologie\/\",\"name\":\"M\u00e9thodologie - WINCO DILIGENCE\",\"isPartOf\":{\"@id\":\"https:\/\/wincodiligence.com\/#website\"},\"datePublished\":\"2024-09-03T09:39:57+00:00\",\"dateModified\":\"2025-04-11T13:38:59+00:00\",\"breadcrumb\":{\"@id\":\"https:\/\/wincodiligence.com\/methodologie\/#breadcrumb\"},\"inLanguage\":\"en-GB\",\"potentialAction\":[{\"@type\":\"ReadAction\",\"target\":[\"https:\/\/wincodiligence.com\/methodologie\/\"]}]},{\"@type\":\"BreadcrumbList\",\"@id\":\"https:\/\/wincodiligence.com\/methodologie\/#breadcrumb\",\"itemListElement\":[{\"@type\":\"ListItem\",\"position\":1,\"name\":\"Accueil\",\"item\":\"https:\/\/wincodiligence.com\/\"},{\"@type\":\"ListItem\",\"position\":2,\"name\":\"M\u00e9thodologie\"}]},{\"@type\":\"WebSite\",\"@id\":\"https:\/\/wincodiligence.com\/#website\",\"url\":\"https:\/\/wincodiligence.com\/\",\"name\":\"WINCO DILIGENCE\",\"description\":\"\",\"potentialAction\":[{\"@type\":\"SearchAction\",\"target\":{\"@type\":\"EntryPoint\",\"urlTemplate\":\"https:\/\/wincodiligence.com\/?s={search_term_string}\"},\"query-input\":{\"@type\":\"PropertyValueSpecification\",\"valueRequired\":true,\"valueName\":\"search_term_string\"}}],\"inLanguage\":\"en-GB\"}]}<\/script>\n<!-- \/ Yoast SEO plugin. -->","yoast_head_json":{"title":"M\u00e9thodologie - WINCO DILIGENCE","robots":{"index":"index","follow":"follow","max-snippet":"max-snippet:-1","max-image-preview":"max-image-preview:large","max-video-preview":"max-video-preview:-1"},"canonical":"https:\/\/wincodiligence.com\/en\/methodologie\/","og_locale":"en_GB","og_type":"article","og_title":"M\u00e9thodologie - WINCO DILIGENCE","og_description":"Sur la base d&rsquo;un premier contact, nous effectuons une recherche pr\u00e9liminaire \u00ab\u00a0free of charge\u00a0\u00bb afin d&rsquo;avoir une id\u00e9e de l&rsquo;ampleur de la mission. Ensuite de quoi, nous proposons un budget forfaitaire et nous pr\u00e9cisons le temps n\u00e9cessaire pour r\u00e9aliser la mission en toute confidentialit\u00e9. Une fois que le budget est approuv\u00e9, un acompte de 60% [&hellip;]","og_url":"https:\/\/wincodiligence.com\/en\/methodologie\/","og_site_name":"WINCO DILIGENCE","article_modified_time":"2025-04-11T13:38:59+00:00","twitter_card":"summary_large_image","twitter_misc":{"Estimated reading time":"2 minutes"},"schema":{"@context":"https:\/\/schema.org","@graph":[{"@type":"WebPage","@id":"https:\/\/wincodiligence.com\/methodologie\/","url":"https:\/\/wincodiligence.com\/methodologie\/","name":"M\u00e9thodologie - WINCO DILIGENCE","isPartOf":{"@id":"https:\/\/wincodiligence.com\/#website"},"datePublished":"2024-09-03T09:39:57+00:00","dateModified":"2025-04-11T13:38:59+00:00","breadcrumb":{"@id":"https:\/\/wincodiligence.com\/methodologie\/#breadcrumb"},"inLanguage":"en-GB","potentialAction":[{"@type":"ReadAction","target":["https:\/\/wincodiligence.com\/methodologie\/"]}]},{"@type":"BreadcrumbList","@id":"https:\/\/wincodiligence.com\/methodologie\/#breadcrumb","itemListElement":[{"@type":"ListItem","position":1,"name":"Accueil","item":"https:\/\/wincodiligence.com\/"},{"@type":"ListItem","position":2,"name":"M\u00e9thodologie"}]},{"@type":"WebSite","@id":"https:\/\/wincodiligence.com\/#website","url":"https:\/\/wincodiligence.com\/","name":"WINCO DILIGENCE","description":"","potentialAction":[{"@type":"SearchAction","target":{"@type":"EntryPoint","urlTemplate":"https:\/\/wincodiligence.com\/?s={search_term_string}"},"query-input":{"@type":"PropertyValueSpecification","valueRequired":true,"valueName":"search_term_string"}}],"inLanguage":"en-GB"}]}},"_links":{"self":[{"href":"https:\/\/wincodiligence.com\/en\/wp-json\/wp\/v2\/pages\/19","targetHints":{"allow":["GET"]}}],"collection":[{"href":"https:\/\/wincodiligence.com\/en\/wp-json\/wp\/v2\/pages"}],"about":[{"href":"https:\/\/wincodiligence.com\/en\/wp-json\/wp\/v2\/types\/page"}],"author":[{"embeddable":true,"href":"https:\/\/wincodiligence.com\/en\/wp-json\/wp\/v2\/users\/1"}],"replies":[{"embeddable":true,"href":"https:\/\/wincodiligence.com\/en\/wp-json\/wp\/v2\/comments?post=19"}],"version-history":[{"count":9,"href":"https:\/\/wincodiligence.com\/en\/wp-json\/wp\/v2\/pages\/19\/revisions"}],"predecessor-version":[{"id":153,"href":"https:\/\/wincodiligence.com\/en\/wp-json\/wp\/v2\/pages\/19\/revisions\/153"}],"wp:attachment":[{"href":"https:\/\/wincodiligence.com\/en\/wp-json\/wp\/v2\/media?parent=19"}],"curies":[{"name":"wp","href":"https:\/\/api.w.org\/{rel}","templated":true}]}}