{"id":18,"date":"2024-09-03T11:39:57","date_gmt":"2024-09-03T09:39:57","guid":{"rendered":"https:\/\/wincodiligence.com\/?page_id=18"},"modified":"2025-03-28T14:28:34","modified_gmt":"2025-03-28T13:28:34","slug":"qui-sommes-nous","status":"publish","type":"page","link":"https:\/\/wincodiligence.com\/en\/qui-sommes-nous\/","title":{"rendered":"Who are we ?"},"content":{"rendered":"<p>Based in Geneva, WINCO is part of the FIP group, which specializes in economic and financial intelligence.<\/p>\n\n\n\n<p>FIP ( <a href=\"http:\/\/www.fipcor.com\">http:\/\/www.fipcor.com<\/a> ) is an independent consulting firm founded in 2005, bringing together the skills of European experts in financial and tax engineering, fraud examination, business intelligence and digital investigation.<\/p>\n\n\n\n<p>We have over twenty years' experience in providing expert advice on offshore legal organizations and opaque financial transactions set up to divert assets and conceal their ultimate beneficiaries. <\/p>\n\n\n\n<p>This experience is put to good use here at WINCO, specifically by offering technically and analytically advanced financial and reputational self due diligence. The aim is to improve your banking and business relationships.<\/p>\n\n\n\n<p>FIP also has extensive experience in computer network analysis and security, through its FLS department in Paris. <\/p>\n\n\n\n<div class=\"wp-block-buttons is-layout-flex wp-block-buttons-is-layout-flex\">\n<div class=\"wp-block-button\"><a class=\"wp-block-button__link wp-element-button\" href=\"http:\/\/wincodiligence.com\/wp-content\/uploads\/2025\/03\/FIP-Brochure-de-presentation-2025-Suisse.pdf\" target=\"_blank\" rel=\"noreferrer noopener\">FIP Presentation<\/a><\/div>\n<\/div>\n\n\n\n<p><\/p>","protected":false},"excerpt":{"rendered":"<p>Bas\u00e9e \u00e0 Gen\u00e8ve, la soci\u00e9t\u00e9 WINCO fait partie du groupe FIP qui est sp\u00e9cialis\u00e9 dans l&rsquo;intelligence \u00e9conomique et financi\u00e8re. FIP ( www.fipcor.com ) est un cabinet de conseil ind\u00e9pendant fond\u00e9 en 2005 en r\u00e9unissant les comp\u00e9tences d\u2019experts europ\u00e9ens de l\u2019ing\u00e9nierie financi\u00e8re et fiscale, de l\u2019examen de fraudes, de l\u2019intelligence \u00e9conomique et de l\u2019investigation num\u00e9rique. Notre [&hellip;]<\/p>","protected":false},"author":1,"featured_media":0,"parent":0,"menu_order":0,"comment_status":"closed","ping_status":"closed","template":"","meta":{"footnotes":""},"class_list":["post-18","page","type-page","status-publish","hentry"],"yoast_head":"<!-- This site is optimized with the Yoast SEO plugin v24.7 - https:\/\/yoast.com\/wordpress\/plugins\/seo\/ -->\n<title>Qui sommes nous ? - WINCO DILIGENCE<\/title>\n<meta name=\"robots\" content=\"index, follow, max-snippet:-1, max-image-preview:large, max-video-preview:-1\" \/>\n<link rel=\"canonical\" href=\"https:\/\/wincodiligence.com\/en\/qui-sommes-nous\/\" \/>\n<meta property=\"og:locale\" content=\"en_GB\" \/>\n<meta property=\"og:type\" content=\"article\" \/>\n<meta property=\"og:title\" content=\"Qui sommes nous ? - WINCO DILIGENCE\" \/>\n<meta property=\"og:description\" content=\"Bas\u00e9e \u00e0 Gen\u00e8ve, la soci\u00e9t\u00e9 WINCO fait partie du groupe FIP qui est sp\u00e9cialis\u00e9 dans l&rsquo;intelligence \u00e9conomique et financi\u00e8re. FIP ( www.fipcor.com ) est un cabinet de conseil ind\u00e9pendant fond\u00e9 en 2005 en r\u00e9unissant les comp\u00e9tences d\u2019experts europ\u00e9ens de l\u2019ing\u00e9nierie financi\u00e8re et fiscale, de l\u2019examen de fraudes, de l\u2019intelligence \u00e9conomique et de l\u2019investigation num\u00e9rique. Notre [&hellip;]\" \/>\n<meta property=\"og:url\" content=\"https:\/\/wincodiligence.com\/en\/qui-sommes-nous\/\" \/>\n<meta property=\"og:site_name\" content=\"WINCO DILIGENCE\" \/>\n<meta property=\"article:modified_time\" content=\"2025-03-28T13:28:34+00:00\" \/>\n<meta name=\"twitter:card\" content=\"summary_large_image\" \/>\n<meta name=\"twitter:label1\" content=\"Estimated reading time\" \/>\n\t<meta name=\"twitter:data1\" content=\"1 minute\" \/>\n<script type=\"application\/ld+json\" class=\"yoast-schema-graph\">{\"@context\":\"https:\/\/schema.org\",\"@graph\":[{\"@type\":\"WebPage\",\"@id\":\"https:\/\/wincodiligence.com\/en\/qui-sommes-nous\/\",\"url\":\"https:\/\/wincodiligence.com\/en\/qui-sommes-nous\/\",\"name\":\"Qui sommes nous ? - WINCO DILIGENCE\",\"isPartOf\":{\"@id\":\"https:\/\/wincodiligence.com\/#website\"},\"datePublished\":\"2024-09-03T09:39:57+00:00\",\"dateModified\":\"2025-03-28T13:28:34+00:00\",\"breadcrumb\":{\"@id\":\"https:\/\/wincodiligence.com\/en\/qui-sommes-nous\/#breadcrumb\"},\"inLanguage\":\"en-GB\",\"potentialAction\":[{\"@type\":\"ReadAction\",\"target\":[\"https:\/\/wincodiligence.com\/en\/qui-sommes-nous\/\"]}]},{\"@type\":\"BreadcrumbList\",\"@id\":\"https:\/\/wincodiligence.com\/en\/qui-sommes-nous\/#breadcrumb\",\"itemListElement\":[{\"@type\":\"ListItem\",\"position\":1,\"name\":\"Accueil\",\"item\":\"https:\/\/wincodiligence.com\/\"},{\"@type\":\"ListItem\",\"position\":2,\"name\":\"Qui sommes nous ?\"}]},{\"@type\":\"WebSite\",\"@id\":\"https:\/\/wincodiligence.com\/#website\",\"url\":\"https:\/\/wincodiligence.com\/\",\"name\":\"WINCO DILIGENCE\",\"description\":\"\",\"potentialAction\":[{\"@type\":\"SearchAction\",\"target\":{\"@type\":\"EntryPoint\",\"urlTemplate\":\"https:\/\/wincodiligence.com\/?s={search_term_string}\"},\"query-input\":{\"@type\":\"PropertyValueSpecification\",\"valueRequired\":true,\"valueName\":\"search_term_string\"}}],\"inLanguage\":\"en-GB\"}]}<\/script>\n<!-- \/ Yoast SEO plugin. -->","yoast_head_json":{"title":"Qui sommes nous ? - WINCO DILIGENCE","robots":{"index":"index","follow":"follow","max-snippet":"max-snippet:-1","max-image-preview":"max-image-preview:large","max-video-preview":"max-video-preview:-1"},"canonical":"https:\/\/wincodiligence.com\/en\/qui-sommes-nous\/","og_locale":"en_GB","og_type":"article","og_title":"Qui sommes nous ? - WINCO DILIGENCE","og_description":"Bas\u00e9e \u00e0 Gen\u00e8ve, la soci\u00e9t\u00e9 WINCO fait partie du groupe FIP qui est sp\u00e9cialis\u00e9 dans l&rsquo;intelligence \u00e9conomique et financi\u00e8re. FIP ( www.fipcor.com ) est un cabinet de conseil ind\u00e9pendant fond\u00e9 en 2005 en r\u00e9unissant les comp\u00e9tences d\u2019experts europ\u00e9ens de l\u2019ing\u00e9nierie financi\u00e8re et fiscale, de l\u2019examen de fraudes, de l\u2019intelligence \u00e9conomique et de l\u2019investigation num\u00e9rique. Notre [&hellip;]","og_url":"https:\/\/wincodiligence.com\/en\/qui-sommes-nous\/","og_site_name":"WINCO DILIGENCE","article_modified_time":"2025-03-28T13:28:34+00:00","twitter_card":"summary_large_image","twitter_misc":{"Estimated reading time":"1 minute"},"schema":{"@context":"https:\/\/schema.org","@graph":[{"@type":"WebPage","@id":"https:\/\/wincodiligence.com\/en\/qui-sommes-nous\/","url":"https:\/\/wincodiligence.com\/en\/qui-sommes-nous\/","name":"Qui sommes nous ? - WINCO DILIGENCE","isPartOf":{"@id":"https:\/\/wincodiligence.com\/#website"},"datePublished":"2024-09-03T09:39:57+00:00","dateModified":"2025-03-28T13:28:34+00:00","breadcrumb":{"@id":"https:\/\/wincodiligence.com\/en\/qui-sommes-nous\/#breadcrumb"},"inLanguage":"en-GB","potentialAction":[{"@type":"ReadAction","target":["https:\/\/wincodiligence.com\/en\/qui-sommes-nous\/"]}]},{"@type":"BreadcrumbList","@id":"https:\/\/wincodiligence.com\/en\/qui-sommes-nous\/#breadcrumb","itemListElement":[{"@type":"ListItem","position":1,"name":"Accueil","item":"https:\/\/wincodiligence.com\/"},{"@type":"ListItem","position":2,"name":"Qui sommes nous ?"}]},{"@type":"WebSite","@id":"https:\/\/wincodiligence.com\/#website","url":"https:\/\/wincodiligence.com\/","name":"WINCO DILIGENCE","description":"","potentialAction":[{"@type":"SearchAction","target":{"@type":"EntryPoint","urlTemplate":"https:\/\/wincodiligence.com\/?s={search_term_string}"},"query-input":{"@type":"PropertyValueSpecification","valueRequired":true,"valueName":"search_term_string"}}],"inLanguage":"en-GB"}]}},"_links":{"self":[{"href":"https:\/\/wincodiligence.com\/en\/wp-json\/wp\/v2\/pages\/18","targetHints":{"allow":["GET"]}}],"collection":[{"href":"https:\/\/wincodiligence.com\/en\/wp-json\/wp\/v2\/pages"}],"about":[{"href":"https:\/\/wincodiligence.com\/en\/wp-json\/wp\/v2\/types\/page"}],"author":[{"embeddable":true,"href":"https:\/\/wincodiligence.com\/en\/wp-json\/wp\/v2\/users\/1"}],"replies":[{"embeddable":true,"href":"https:\/\/wincodiligence.com\/en\/wp-json\/wp\/v2\/comments?post=18"}],"version-history":[{"count":8,"href":"https:\/\/wincodiligence.com\/en\/wp-json\/wp\/v2\/pages\/18\/revisions"}],"predecessor-version":[{"id":130,"href":"https:\/\/wincodiligence.com\/en\/wp-json\/wp\/v2\/pages\/18\/revisions\/130"}],"wp:attachment":[{"href":"https:\/\/wincodiligence.com\/en\/wp-json\/wp\/v2\/media?parent=18"}],"curies":[{"name":"wp","href":"https:\/\/api.w.org\/{rel}","templated":true}]}}