{"id":13,"date":"2024-09-03T11:38:28","date_gmt":"2024-09-03T09:38:28","guid":{"rendered":"https:\/\/wincodiligence.com\/?page_id=13"},"modified":"2025-04-11T15:40:44","modified_gmt":"2025-04-11T13:40:44","slug":"notre-mission","status":"publish","type":"page","link":"https:\/\/wincodiligence.com\/en\/notre-mission\/","title":{"rendered":"Our Mission"},"content":{"rendered":"<p>Based in Geneva, WINCO is part of the FIP group, which specializes in economic and financial intelligence (<a href=\"http:\/\/www.fipcor.com\/fr\/accueil\/\" target=\"_blank\" rel=\"noreferrer noopener\">http:\/\/www.fipcor.com<\/a>)<\/p>\n\n\n\n<p>WINCO's speciality is to help people or companies find out about information concerning them, available to everyone on the web or on specialized sites.<\/p>\n\n\n\n<p>When self due-diligence concerns an individual, the aim is to assess that person's reputation and integrity, and to see if he or she is associated with any fraud or embezzlement, whether real or fictitious.<\/p>\n\n\n\n<p>When it comes to corporate self due diligence, the aim is to identify any associated risks of fraud, non-compliance, bad transactions, poor financial practices and\/or questionable performance.<\/p>","protected":false},"excerpt":{"rendered":"<p>Bas\u00e9e \u00e0 Gen\u00e8ve, la soci\u00e9t\u00e9 WINCO fait partie du groupe FIP qui est sp\u00e9cialis\u00e9 dans l&rsquo;intelligence \u00e9conomique et financi\u00e8re (www.fipcor.com) La sp\u00e9cificit\u00e9 de la soci\u00e9t\u00e9 WINCO est d&rsquo;aider des personnes ou des entreprises \u00e0 conna\u00eetre l&rsquo;information les concernant et disponible au tout venant sur le web ou sur des sites sp\u00e9cialis\u00e9s. Lorsque la self due-diligence [&hellip;]<\/p>","protected":false},"author":1,"featured_media":0,"parent":0,"menu_order":0,"comment_status":"closed","ping_status":"closed","template":"","meta":{"footnotes":""},"class_list":["post-13","page","type-page","status-publish","hentry"],"yoast_head":"<!-- This site is optimized with the Yoast SEO plugin v24.7 - https:\/\/yoast.com\/wordpress\/plugins\/seo\/ -->\n<title>Notre mission - WINCO DILIGENCE<\/title>\n<meta name=\"robots\" content=\"index, follow, max-snippet:-1, max-image-preview:large, max-video-preview:-1\" \/>\n<link rel=\"canonical\" href=\"https:\/\/wincodiligence.com\/en\/notre-mission\/\" \/>\n<meta property=\"og:locale\" content=\"en_GB\" \/>\n<meta property=\"og:type\" content=\"article\" \/>\n<meta property=\"og:title\" content=\"Notre mission - WINCO DILIGENCE\" \/>\n<meta property=\"og:description\" content=\"Bas\u00e9e \u00e0 Gen\u00e8ve, la soci\u00e9t\u00e9 WINCO fait partie du groupe FIP qui est sp\u00e9cialis\u00e9 dans l&rsquo;intelligence \u00e9conomique et financi\u00e8re (www.fipcor.com) La sp\u00e9cificit\u00e9 de la soci\u00e9t\u00e9 WINCO est d&rsquo;aider des personnes ou des entreprises \u00e0 conna\u00eetre l&rsquo;information les concernant et disponible au tout venant sur le web ou sur des sites sp\u00e9cialis\u00e9s. Lorsque la self due-diligence [&hellip;]\" \/>\n<meta property=\"og:url\" content=\"https:\/\/wincodiligence.com\/en\/notre-mission\/\" \/>\n<meta property=\"og:site_name\" content=\"WINCO DILIGENCE\" \/>\n<meta property=\"article:modified_time\" content=\"2025-04-11T13:40:44+00:00\" \/>\n<meta name=\"twitter:card\" content=\"summary_large_image\" \/>\n<meta name=\"twitter:label1\" content=\"Estimated reading time\" \/>\n\t<meta name=\"twitter:data1\" content=\"1 minute\" \/>\n<script type=\"application\/ld+json\" class=\"yoast-schema-graph\">{\"@context\":\"https:\/\/schema.org\",\"@graph\":[{\"@type\":\"WebPage\",\"@id\":\"https:\/\/wincodiligence.com\/notre-mission\/\",\"url\":\"https:\/\/wincodiligence.com\/notre-mission\/\",\"name\":\"Notre mission - WINCO DILIGENCE\",\"isPartOf\":{\"@id\":\"https:\/\/wincodiligence.com\/#website\"},\"datePublished\":\"2024-09-03T09:38:28+00:00\",\"dateModified\":\"2025-04-11T13:40:44+00:00\",\"breadcrumb\":{\"@id\":\"https:\/\/wincodiligence.com\/notre-mission\/#breadcrumb\"},\"inLanguage\":\"en-GB\",\"potentialAction\":[{\"@type\":\"ReadAction\",\"target\":[\"https:\/\/wincodiligence.com\/notre-mission\/\"]}]},{\"@type\":\"BreadcrumbList\",\"@id\":\"https:\/\/wincodiligence.com\/notre-mission\/#breadcrumb\",\"itemListElement\":[{\"@type\":\"ListItem\",\"position\":1,\"name\":\"Accueil\",\"item\":\"https:\/\/wincodiligence.com\/\"},{\"@type\":\"ListItem\",\"position\":2,\"name\":\"Notre mission\"}]},{\"@type\":\"WebSite\",\"@id\":\"https:\/\/wincodiligence.com\/#website\",\"url\":\"https:\/\/wincodiligence.com\/\",\"name\":\"WINCO DILIGENCE\",\"description\":\"\",\"potentialAction\":[{\"@type\":\"SearchAction\",\"target\":{\"@type\":\"EntryPoint\",\"urlTemplate\":\"https:\/\/wincodiligence.com\/?s={search_term_string}\"},\"query-input\":{\"@type\":\"PropertyValueSpecification\",\"valueRequired\":true,\"valueName\":\"search_term_string\"}}],\"inLanguage\":\"en-GB\"}]}<\/script>\n<!-- \/ Yoast SEO plugin. -->","yoast_head_json":{"title":"Notre mission - WINCO DILIGENCE","robots":{"index":"index","follow":"follow","max-snippet":"max-snippet:-1","max-image-preview":"max-image-preview:large","max-video-preview":"max-video-preview:-1"},"canonical":"https:\/\/wincodiligence.com\/en\/notre-mission\/","og_locale":"en_GB","og_type":"article","og_title":"Notre mission - WINCO DILIGENCE","og_description":"Bas\u00e9e \u00e0 Gen\u00e8ve, la soci\u00e9t\u00e9 WINCO fait partie du groupe FIP qui est sp\u00e9cialis\u00e9 dans l&rsquo;intelligence \u00e9conomique et financi\u00e8re (www.fipcor.com) La sp\u00e9cificit\u00e9 de la soci\u00e9t\u00e9 WINCO est d&rsquo;aider des personnes ou des entreprises \u00e0 conna\u00eetre l&rsquo;information les concernant et disponible au tout venant sur le web ou sur des sites sp\u00e9cialis\u00e9s. Lorsque la self due-diligence [&hellip;]","og_url":"https:\/\/wincodiligence.com\/en\/notre-mission\/","og_site_name":"WINCO DILIGENCE","article_modified_time":"2025-04-11T13:40:44+00:00","twitter_card":"summary_large_image","twitter_misc":{"Estimated reading time":"1 minute"},"schema":{"@context":"https:\/\/schema.org","@graph":[{"@type":"WebPage","@id":"https:\/\/wincodiligence.com\/notre-mission\/","url":"https:\/\/wincodiligence.com\/notre-mission\/","name":"Notre mission - WINCO DILIGENCE","isPartOf":{"@id":"https:\/\/wincodiligence.com\/#website"},"datePublished":"2024-09-03T09:38:28+00:00","dateModified":"2025-04-11T13:40:44+00:00","breadcrumb":{"@id":"https:\/\/wincodiligence.com\/notre-mission\/#breadcrumb"},"inLanguage":"en-GB","potentialAction":[{"@type":"ReadAction","target":["https:\/\/wincodiligence.com\/notre-mission\/"]}]},{"@type":"BreadcrumbList","@id":"https:\/\/wincodiligence.com\/notre-mission\/#breadcrumb","itemListElement":[{"@type":"ListItem","position":1,"name":"Accueil","item":"https:\/\/wincodiligence.com\/"},{"@type":"ListItem","position":2,"name":"Notre mission"}]},{"@type":"WebSite","@id":"https:\/\/wincodiligence.com\/#website","url":"https:\/\/wincodiligence.com\/","name":"WINCO DILIGENCE","description":"","potentialAction":[{"@type":"SearchAction","target":{"@type":"EntryPoint","urlTemplate":"https:\/\/wincodiligence.com\/?s={search_term_string}"},"query-input":{"@type":"PropertyValueSpecification","valueRequired":true,"valueName":"search_term_string"}}],"inLanguage":"en-GB"}]}},"_links":{"self":[{"href":"https:\/\/wincodiligence.com\/en\/wp-json\/wp\/v2\/pages\/13","targetHints":{"allow":["GET"]}}],"collection":[{"href":"https:\/\/wincodiligence.com\/en\/wp-json\/wp\/v2\/pages"}],"about":[{"href":"https:\/\/wincodiligence.com\/en\/wp-json\/wp\/v2\/types\/page"}],"author":[{"embeddable":true,"href":"https:\/\/wincodiligence.com\/en\/wp-json\/wp\/v2\/users\/1"}],"replies":[{"embeddable":true,"href":"https:\/\/wincodiligence.com\/en\/wp-json\/wp\/v2\/comments?post=13"}],"version-history":[{"count":6,"href":"https:\/\/wincodiligence.com\/en\/wp-json\/wp\/v2\/pages\/13\/revisions"}],"predecessor-version":[{"id":155,"href":"https:\/\/wincodiligence.com\/en\/wp-json\/wp\/v2\/pages\/13\/revisions\/155"}],"wp:attachment":[{"href":"https:\/\/wincodiligence.com\/en\/wp-json\/wp\/v2\/media?parent=13"}],"curies":[{"name":"wp","href":"https:\/\/api.w.org\/{rel}","templated":true}]}}